{"id":17149,"date":"2020-03-02T23:33:27","date_gmt":"2020-03-02T23:33:27","guid":{"rendered":"https:\/\/demo01.houzez.co\/?page_id=17149"},"modified":"2025-11-26T11:30:08","modified_gmt":"2025-11-26T10:30:08","slug":"ponudi-nekretninu","status":"publish","type":"page","link":"https:\/\/azzurmonte.com\/en\/ponudi-nekretninu\/","title":{"rendered":"Upitnik"},"content":{"rendered":"\t\t<div data-elementor-type=\"wp-page\" data-elementor-id=\"17149\" class=\"elementor elementor-17149\">\n\t\t\t\t\t\t<section class=\"elementor-section elementor-top-section elementor-element elementor-element-5ec2734 elementor-section-boxed elementor-section-height-default elementor-section-height-default\" data-id=\"5ec2734\" data-element_type=\"section\" data-e-type=\"section\">\n\t\t\t\t\t\t<div class=\"elementor-container elementor-column-gap-default\">\n\t\t\t\t\t<div class=\"elementor-column elementor-col-100 elementor-top-column elementor-element elementor-element-e1bd41f\" data-id=\"e1bd41f\" data-element_type=\"column\" data-e-type=\"column\">\n\t\t\t<div class=\"elementor-widget-wrap elementor-element-populated\">\n\t\t\t\t\t\t<div class=\"elementor-element elementor-element-49cbafe elementor-widget elementor-widget-houzez_elementor_space\" data-id=\"49cbafe\" data-element_type=\"widget\" data-e-type=\"widget\" data-widget_type=\"houzez_elementor_space.default\">\n\t\t\t\t<div class=\"elementor-widget-container\">\n\t\t\t\t\t        <div class=\"houzez-spacer\">\n            <div class=\"houzez-spacer-inner\"><\/div>\n        <\/div>\n        \t\t\t\t<\/div>\n\t\t\t\t<\/div>\n\t\t\t\t<section class=\"elementor-section elementor-inner-section elementor-element elementor-element-6efd58c animated-slow elementor-section-boxed elementor-section-height-default elementor-section-height-default elementor-invisible\" data-id=\"6efd58c\" data-element_type=\"section\" data-e-type=\"section\" data-settings=\"{&quot;background_background&quot;:&quot;classic&quot;,&quot;animation&quot;:&quot;fadeIn&quot;}\">\n\t\t\t\t\t\t<div class=\"elementor-container elementor-column-gap-no\">\n\t\t\t\t\t<div class=\"elementor-column elementor-col-100 elementor-inner-column elementor-element elementor-element-856004d\" data-id=\"856004d\" data-element_type=\"column\" data-e-type=\"column\">\n\t\t\t<div class=\"elementor-widget-wrap elementor-element-populated\">\n\t\t\t\t\t\t<div class=\"elementor-element elementor-element-8ff1404 elementor-widget elementor-widget-text-editor\" data-id=\"8ff1404\" data-element_type=\"widget\" data-e-type=\"widget\" data-widget_type=\"text-editor.default\">\n\t\t\t\t\t\t\t\t\t<h3>Ponudi nekretninu<\/h3><p>Da li imate nekretninu koju ho\u0107ete da izdate ili prodate?<\/p><p>Ispunite upitnik a mi \u0107emo Vas kontaktirati u najbr\u017eem mogu\u0107em roku!<\/p>\t\t\t\t\t\t\t\t<\/div>\n\t\t\t\t<div class=\"elementor-element elementor-element-42f882c elementor-button-align-stretch elementor-widget elementor-widget-houzez_elementor_inquiry_form\" data-id=\"42f882c\" data-element_type=\"widget\" data-e-type=\"widget\" data-widget_type=\"houzez_elementor_inquiry_form.default\">\n\t\t\t\t<div class=\"elementor-widget-container\">\n\t\t\t\t\t\n        <script type=\"application\/javascript\">\n            jQuery(document).bind(\"ready\", function () {\n                houzezValidateElementor(\"#houzez-form-42f882c\" );\n            });\n        <\/script>\n\n\n        <form class=\"elementor-form houzez-ele-form-js\" id=\"houzez-form-42f882c\" method=\"post\" name=\"New Form\" action=\"https:\/\/azzurmonte.com\/wp-admin\/admin-ajax.php\">\n            <input type=\"hidden\" name=\"form_id\" value=\"42f882c\"\/>\n            <input type=\"hidden\" name=\"action\" value=\"houzez_ele_inquiry_form\" \/>\n            <input type=\"hidden\" name=\"source_link\" value=\"https:\/\/azzurmonte.com\/en\/ponudi-nekretninu\/\" \/>\n            <input type=\"hidden\" name=\"lead_page_id\" value=\"17149\" \/>\n            <input type=\"hidden\" name=\"is_estimation\" value=\"yes\" \/>\n            <input type=\"hidden\" name=\"webhook\" value=\"false\" \/>\n            <input type=\"hidden\" name=\"webhook_url\" value=\"\" \/>\n            <input type=\"hidden\" name=\"redirect_to\" value=\"\" \/>\n            <input type=\"hidden\" name=\"email_subject\" value=\"New message from &quot;Houzez 01&quot;\" \/>\n            <input type=\"hidden\" name=\"google_recaptcha\" value=\"yes\" \/>\n\n            <div class=\"elementor-form-fields-wrapper elementor-labels-above\">\n\n                                    <div class=\"elementor-field-group elementor-column form-group elementor-field-group-cc6b92f elementor-col-100 elementor-field-required\">\n                    <label for=\"form-field-cc6b92f\" class=\"form-label elementor-field-label\">Informacije<\/label><input type=\"text\" name=\"first_name\" id=\"form-field-cc6b92f\" class=\"elementor-field form-control elementor-size-md elementor-field-textual\" placeholder=\"Ime\" title=\"* Informacije\" required=\"required\">                    <\/div>\n\n                                        <div class=\"elementor-field-group elementor-column form-group elementor-field-group-3cc124e elementor-col-100\">\n                    <input type=\"text\" name=\"last_name\" id=\"form-field-3cc124e\" class=\"elementor-field form-control elementor-size-md elementor-field-textual\" placeholder=\"Prezime\" title=\"* Prezime\">                    <\/div>\n\n                                        <div class=\"elementor-field-group elementor-column form-group elementor-field-group-932d82c elementor-col-50 elementor-field-required\">\n                    <input type=\"email\" name=\"email\" id=\"form-field-932d82c\" class=\"elementor-field form-control elementor-size-md elementor-field-textual\" placeholder=\"Email Adresa\" title=\"* Email Adresa\" required=\"required\">                    <\/div>\n\n                                        <div class=\"elementor-field-group elementor-column form-group elementor-field-group-304b68f elementor-col-50 elementor-field-required\">\n                    <input type=\"text\" name=\"mobile\" id=\"form-field-304b68f\" class=\"elementor-field form-control elementor-size-md elementor-field-textual\" placeholder=\"Mobilni telefon\" title=\"* Mobilni telefon\" required=\"required\">                    <\/div>\n\n                                        <div class=\"elementor-field-group elementor-column form-group elementor-field-group-bf1d035 elementor-col-100 elementor-field-required\">\n                    <label for=\"form-field-bf1d035\" class=\"form-label elementor-field-label\">Lokacija<\/label>        <div class=\"elementor-field elementor-select-wrapper\">\n            <select name=\"e_meta[city]\" id=\"form-field-bf1d035\" class=\"elementor-field-textual form-control elementor-size-md\" required=\"required\" title=\"* Lokacija\">\n                <option value=\"\">Izaberi Grad<\/option><option data-ref=\"bar\" data-belong=\"\" value=\"bar\"> Bar<\/option><option data-ref=\"bjelisi\" data-belong=\"\" value=\"bjelisi\">-  Bjeli\u0161i<\/option><option data-ref=\"celuga\" data-belong=\"\" value=\"celuga\">-  \u010celuga<\/option><option data-ref=\"centar\" data-belong=\"\" value=\"centar\">-  Centar<\/option><option data-ref=\"dobre-vode\" data-belong=\"\" value=\"dobre-vode\">-  Dobre Vode<\/option><option data-ref=\"dubrava\" data-belong=\"\" value=\"dubrava\">-  Dubrava<\/option><option data-ref=\"hladna-uvala\" data-belong=\"\" value=\"hladna-uvala\">-  Hladna Uvala<\/option><option data-ref=\"ilino\" data-belong=\"\" value=\"ilino\">-  Ilino<\/option><option data-ref=\"kambodza\" data-belong=\"\" value=\"kambodza\">-  Kambod\u017ea<\/option><option data-ref=\"makedonsko-naselje\" data-belong=\"\" value=\"makedonsko-naselje\">-  Makedonsko naselje<\/option><option data-ref=\"bar-pecurice\" data-belong=\"\" value=\"bar-pecurice\">-  Pe\u010durice<\/option><option data-ref=\"polje\" data-belong=\"\" value=\"polje\">-  Polje<\/option><option data-ref=\"popovici\" data-belong=\"\" value=\"popovici\">-  Popovi\u0107i<\/option><option data-ref=\"rena\" data-belong=\"\" value=\"rena\">-  Rena<\/option><option data-ref=\"stari-bar\" data-belong=\"\" value=\"stari-bar\">-  Stari Bar<\/option><option data-ref=\"susanj\" data-belong=\"\" value=\"susanj\">-  \u0160u\u0161anj<\/option><option data-ref=\"sustas\" data-belong=\"\" value=\"sustas\">-  Susta\u0161<\/option><option data-ref=\"sutomore\" data-belong=\"\" value=\"sutomore\">-  Sutomore<\/option><option data-ref=\"tomba\" data-belong=\"\" value=\"tomba\">-  Tomba<\/option><option data-ref=\"tudjemili\" data-belong=\"\" value=\"tudjemili\">-  Tu\u0111emili<\/option><option data-ref=\"utjeha\" data-belong=\"\" value=\"utjeha\">-  Utjeha<\/option><option data-ref=\"zaljevo\" data-belong=\"\" value=\"zaljevo\">-  Zaljevo<\/option><option data-ref=\"zupci\" data-belong=\"\" value=\"zupci\">-  Zupci<\/option><option data-ref=\"berane\" data-belong=\"\" value=\"berane\"> Berane<\/option><option data-ref=\"bijelo-polje\" data-belong=\"\" value=\"bijelo-polje\"> Bijelo Polje<\/option><option data-ref=\"budva\" data-belong=\"\" value=\"budva\"> Budva<\/option><option data-ref=\"cetinje\" data-belong=\"\" value=\"cetinje\"> Cetinje<\/option><option data-ref=\"danilovgradf\" data-belong=\"\" value=\"danilovgradf\"> Danilovgrad<\/option><option data-ref=\"herceg-novi\" data-belong=\"\" value=\"herceg-novi\"> Herceg Novi<\/option><option data-ref=\"kolasin\" data-belong=\"\" value=\"kolasin\"> Kola\u0161in<\/option><option data-ref=\"kotor\" data-belong=\"\" value=\"kotor\"> Kotor<\/option><option data-ref=\"niksic\" data-belong=\"\" value=\"niksic\"> Nik\u0161i\u0107<\/option><option data-ref=\"pluzine\" data-belong=\"\" value=\"pluzine\"> Plu\u017eine<\/option><option data-ref=\"podgorica\" data-belong=\"\" value=\"podgorica\"> Podgorica<\/option><option data-ref=\"tivat\" data-belong=\"\" value=\"tivat\"> Tivat<\/option><option data-ref=\"ulcinj\" data-belong=\"\" value=\"ulcinj\"> Ulcinj<\/option><option data-ref=\"zabljak\" data-belong=\"\" value=\"zabljak\"> \u017dabljak<\/option>            <\/select>\n        <\/div>\n                            <\/div>\n\n                                        <div class=\"elementor-field-group elementor-column form-group elementor-field-group-3180222 elementor-col-100 elementor-field-required\">\n                    <label for=\"form-field-3180222\" class=\"form-label elementor-field-label\">Nekretnina<\/label>        <div class=\"elementor-field elementor-select-wrapper\">\n            <select name=\"e_meta[property_type]\" id=\"form-field-3180222\" class=\"elementor-field-textual form-control elementor-size-md\" required=\"required\" title=\"* Nekretnina\">\n                <option value=\"\">Vrsta Nekretnine<\/option><option value=\"kuca\"> Ku\u0107a<\/option><option value=\"parking-garaza\"> Parking\/Gara\u017ea<\/option><option value=\"poslovni-prostori\"> Poslovni Prostor<\/option><option value=\"stan\"> Stan<\/option><option value=\"zemljiste\"> Zemlji\u0161te<\/option>            <\/select>\n        <\/div>\n                            <\/div>\n\n                                        <div class=\"elementor-field-group elementor-column form-group elementor-field-group-c549d17 elementor-col-50 elementor-field-required\">\n                    <input type=\"number\" name=\"e_meta[price]\" id=\"form-field-c549d17\" class=\"elementor-field form-control elementor-size-md elementor-field-textual\" placeholder=\"Cijena\" title=\"* Cijena\" required=\"required\" min=\"0\">                    <\/div>\n\n                                        <div class=\"elementor-field-group elementor-column form-group elementor-field-group-e08cbcb elementor-col-50 elementor-field-required\">\n                    <input type=\"number\" name=\"e_meta[area-size]\" id=\"form-field-e08cbcb\" class=\"elementor-field form-control elementor-size-md elementor-field-textual\" placeholder=\"Povr\u0161ina \" title=\"* Povr\u0161ina \" required=\"required\" min=\"0\">                    <\/div>\n\n                                        <div class=\"elementor-field-group elementor-column form-group elementor-field-group-66cc0de elementor-col-100 elementor-field-required\">\n                    <input type=\"number\" name=\"e_meta[beds]\" id=\"form-field-66cc0de\" class=\"elementor-field form-control elementor-size-md elementor-field-textual\" placeholder=\"Broj soba\" title=\"* Broj soba\" required=\"required\" min=\"0\">                    <\/div>\n\n                                        <div class=\"elementor-field-group elementor-column form-group elementor-field-group-95c61a9 elementor-col-100\">\n                    <label for=\"form-field-95c61a9\" class=\"form-label elementor-field-label\">Poruka<\/label><textarea class=\"elementor-field-textual elementor-field elementor-size-md\" name=\"message\" id=\"form-field-95c61a9\" rows=\"4\" placeholder=\"Pi\u0161i ovdje\"><\/textarea>                    <\/div>\n\n                    \n                    \n                    \n                    \n                                        <div class=\"elementor-field-group \">\n                                            <\/div>\n                    \n                    <div class=\"elementor-field-group elementor-column elementor-field-type-submit elementor-col-100\">\n                    <button type=\"submit\" class=\"houzez-submit-button houzez-contact-form-js elementor-button elementor-size-md\">\n                        <i class=\"houzez-loader-js houzez-hidden spinner-border spinner-border-sm\"><\/i>\n                                                    Po\u0161alji                                            <\/button>\n                <\/div>\n            <\/div><!-- End wrapper-->\n            <br\/>\n            <div class=\"ele-form-messages\"><\/div>\n            <div class=\"error-container\"><\/div>\n\n        <\/form>\n\n    \t\t\t\t<\/div>\n\t\t\t\t<\/div>\n\t\t\t\t\t<\/div>\n\t\t<\/div>\n\t\t\t\t\t<\/div>\n\t\t<\/section>\n\t\t\t\t<div class=\"elementor-element elementor-element-eb5dd10 elementor-widget elementor-widget-spacer\" data-id=\"eb5dd10\" data-element_type=\"widget\" data-e-type=\"widget\" data-widget_type=\"spacer.default\">\n\t\t\t\t\t\t\t<div class=\"elementor-spacer\">\n\t\t\t<div class=\"elementor-spacer-inner\"><\/div>\n\t\t<\/div>\n\t\t\t\t\t\t<\/div>\n\t\t\t\t\t<\/div>\n\t\t<\/div>\n\t\t\t\t\t<\/div>\n\t\t<\/section>\n\t\t\t\t<\/div>\n\t\t","protected":false},"excerpt":{"rendered":"<p>Ponudi nekretninu Da li imate nekretninu koju ho\u0107ete da izdate ili prodate? Ispunite upitnik a mi \u0107emo Vas kontaktirati u najbr\u017eem mogu\u0107em roku! Informacije Lokacija Izaberi Grad Bar&#8211; Bjeli\u0161i&#8211; Centar&#8211; Dobre Vode&#8211; Ilino&#8211; Makedonsko naselje&#8211; Stari Bar&#8211; \u0160u\u0161anj&#8211; Sutomore&#8211; Utjeha Berane Bijelo Polje Budva Cetinje Danilovgrad Herceg Novi Kola\u0161in Kotor Nik\u0161i\u0107 Plu\u017eine Podgorica Tivat Ulcinj [&hellip;]<\/p>\n","protected":false},"author":1,"featured_media":0,"parent":0,"menu_order":0,"comment_status":"closed","ping_status":"closed","template":"template\/template-homepage.php","meta":{"om_disable_all_campaigns":false,"_monsterinsights_skip_tracking":false,"_monsterinsights_sitenote_active":false,"_monsterinsights_sitenote_note":"","_monsterinsights_sitenote_category":0,"footnotes":""},"class_list":["post-17149","page","type-page","status-publish","hentry"],"aioseo_notices":[],"jetpack_sharing_enabled":true,"_links":{"self":[{"href":"https:\/\/azzurmonte.com\/en\/wp-json\/wp\/v2\/pages\/17149","targetHints":{"allow":["GET"]}}],"collection":[{"href":"https:\/\/azzurmonte.com\/en\/wp-json\/wp\/v2\/pages"}],"about":[{"href":"https:\/\/azzurmonte.com\/en\/wp-json\/wp\/v2\/types\/page"}],"author":[{"embeddable":true,"href":"https:\/\/azzurmonte.com\/en\/wp-json\/wp\/v2\/users\/1"}],"replies":[{"embeddable":true,"href":"https:\/\/azzurmonte.com\/en\/wp-json\/wp\/v2\/comments?post=17149"}],"version-history":[{"count":10,"href":"https:\/\/azzurmonte.com\/en\/wp-json\/wp\/v2\/pages\/17149\/revisions"}],"predecessor-version":[{"id":18767,"href":"https:\/\/azzurmonte.com\/en\/wp-json\/wp\/v2\/pages\/17149\/revisions\/18767"}],"wp:attachment":[{"href":"https:\/\/azzurmonte.com\/en\/wp-json\/wp\/v2\/media?parent=17149"}],"curies":[{"name":"wp","href":"https:\/\/api.w.org\/{rel}","templated":true}]}}