{"id":16421,"date":"2020-02-18T18:03:04","date_gmt":"2020-02-18T18:03:04","guid":{"rendered":"https:\/\/demo01.houzez.co\/?page_id=16421"},"modified":"2025-11-29T17:32:57","modified_gmt":"2025-11-29T16:32:57","slug":"sve-nekretnine","status":"publish","type":"page","link":"https:\/\/azzurmonte.com\/en\/sve-nekretnine\/","title":{"rendered":"All Properties"},"content":{"rendered":"<div data-elementor-type=\"wp-page\" data-elementor-id=\"16421\" class=\"elementor elementor-16421\">\n\t\t\t\t<div class=\"elementor-element elementor-element-397a3f8 e-flex e-con-boxed e-con e-parent\" data-id=\"397a3f8\" data-element_type=\"container\" data-e-type=\"container\">\n\t\t\t\t\t<div class=\"e-con-inner\">\n\t\t\t\t<div class=\"elementor-element elementor-element-aaa9184 elementor-button-align-stretch elementor-widget elementor-widget-houzez_elementor_search_builder\" data-id=\"aaa9184\" data-element_type=\"widget\" data-e-type=\"widget\" data-widget_type=\"houzez_elementor_search_builder.default\">\n\t\t\t\t<div class=\"elementor-widget-container\">\n\t\t\t\t\t\n        <form class=\"houzez-search-form-js houzez-search-builder-form-js\" id=\"houzez-search-aaa9184\" method=\"get\" action=\"https:\/\/azzurmonte.com\/en\/rezultati-pretrage\/\" data-trp-original-action=\"https:\/\/azzurmonte.com\/en\/rezultati-pretrage\/\" >\n\n            \n            <div class=\"houzez-search-builder-wrapper\">\n\n                <div class=\"houzez-ele-search-form-wrapper elementor-form-fields-wrapper elementor-labels-above\">\n\n                                            <div class=\"elementor-field-group elementor-column form-group elementor-field-group-field-cities elementor-col-20\">\n                    <label for=\"form-field-field-cities\" class=\"elementor-field-label elementor-screen-only\">Cities<\/label>        <div class=\"elementor-field elementor-select-wrapper form-group\">\n            <select data-size=\"5\" name=\"location[]\" id=\"form-field-field-cities\" class=\"selectpicker bs-select-hidden houzez-field-textual form-control elementor-size-sm houzezSelectFilter houzezCityFilter houzezThirdList houzez-city-js\" data-none-results-text=\"Nema rezultata {0}\" data-target=\"houzezFourthList\">\n                <option value=\"\">City<\/option><option data-ref=\"bar\" data-belong=\"\" data-subtext=\"\" value=\"bar\">Bar<\/option><option data-ref=\"bjelisi\" data-belong=\"\" value=\"bjelisi\"> - Whiten<\/option><option data-ref=\"celuga\" data-belong=\"\" value=\"celuga\"> - \u010celuga<\/option><option data-ref=\"centar\" data-belong=\"\" value=\"centar\"> - Center<\/option><option data-ref=\"dobre-vode\" data-belong=\"\" value=\"dobre-vode\"> - Good Waters<\/option><option data-ref=\"dubrava\" data-belong=\"\" value=\"dubrava\"> - Dubrava<\/option><option data-ref=\"hladna-uvala\" data-belong=\"\" value=\"hladna-uvala\"> - Hladna Uvala<\/option><option data-ref=\"ilino\" data-belong=\"\" value=\"ilino\"> - Illinois<\/option><option data-ref=\"kambodza\" data-belong=\"\" value=\"kambodza\"> - Kambod\u017ea<\/option><option data-ref=\"makedonsko-naselje\" data-belong=\"\" value=\"makedonsko-naselje\"> - Macedonian settlement<\/option><option data-ref=\"bar-pecurice\" data-belong=\"\" value=\"bar-pecurice\"> - Pe\u010durice<\/option><option data-ref=\"polje\" data-belong=\"\" value=\"polje\"> - Polje<\/option><option data-ref=\"popovici\" data-belong=\"\" value=\"popovici\"> - Popovi\u0107i<\/option><option data-ref=\"rena\" data-belong=\"\" value=\"rena\"> - Rena<\/option><option data-ref=\"stari-bar\" data-belong=\"\" value=\"stari-bar\"> - Old Bar<\/option><option data-ref=\"susanj\" data-belong=\"\" value=\"susanj\"> - Susanj<\/option><option data-ref=\"sustas\" data-belong=\"\" value=\"sustas\"> - Susta\u0161<\/option><option data-ref=\"sutomore\" data-belong=\"\" value=\"sutomore\"> - Sutomore<\/option><option data-ref=\"tomba\" data-belong=\"\" value=\"tomba\"> - Tomba<\/option><option data-ref=\"tudjemili\" data-belong=\"\" value=\"tudjemili\"> - Tu\u0111emili<\/option><option data-ref=\"utjeha\" data-belong=\"\" value=\"utjeha\"> - Comfort<\/option><option data-ref=\"zaljevo\" data-belong=\"\" value=\"zaljevo\"> - Zaljevo<\/option><option data-ref=\"zupci\" data-belong=\"\" value=\"zupci\"> - Zupci<\/option><option data-ref=\"berane\" data-belong=\"\" data-subtext=\"\" value=\"berane\">Berane<\/option><option data-ref=\"bijelo-polje\" data-belong=\"\" data-subtext=\"\" value=\"bijelo-polje\">White Field<\/option><option data-ref=\"budva\" data-belong=\"\" data-subtext=\"\" value=\"budva\">Budva<\/option><option data-ref=\"cetinje\" data-belong=\"\" data-subtext=\"\" value=\"cetinje\">Cetinje<\/option><option data-ref=\"danilovgradf\" data-belong=\"\" data-subtext=\"\" value=\"danilovgradf\">Danilovgrad<\/option><option data-ref=\"herceg-novi\" data-belong=\"\" data-subtext=\"\" value=\"herceg-novi\">Herceg Novi<\/option><option data-ref=\"kolasin\" data-belong=\"\" data-subtext=\"\" value=\"kolasin\">Kolasin<\/option><option data-ref=\"kotor\" data-belong=\"\" data-subtext=\"\" value=\"kotor\">Kotor<\/option><option data-ref=\"niksic\" data-belong=\"\" data-subtext=\"\" value=\"niksic\">Niksic<\/option><option data-ref=\"pluzine\" data-belong=\"\" data-subtext=\"\" value=\"pluzine\">Pluzine<\/option><option data-ref=\"podgorica\" data-belong=\"\" data-subtext=\"\" value=\"podgorica\">Podgorica<\/option><option data-ref=\"tivat\" data-belong=\"\" data-subtext=\"\" value=\"tivat\">Tivat<\/option><option data-ref=\"ulcinj\" data-belong=\"\" data-subtext=\"\" value=\"ulcinj\">Ulcinj<\/option><option data-ref=\"zabljak\" data-belong=\"\" data-subtext=\"\" value=\"zabljak\">Zabljak<\/option>            <\/select>\n        <\/div>\n                            <\/div>\n                                <div class=\"elementor-field-group elementor-column form-group elementor-field-group-field-types elementor-col-20 elementor-sm-50\">\n                    <label for=\"form-field-field-types\" class=\"elementor-field-label elementor-screen-only\">Type<\/label>        <div class=\"elementor-field elementor-select-wrapper form-group\">\n            <select multiple=\"multiple\" title=\"Vrsta\" data-selected-text-format=\"count &gt; 1\" data-select-all-text=\"Izaberi sve\" data-deselect-all-text=\"Deselect All\" data-actions-box=\"true\" data-count-selected-text=\"{0} types selected\" data-size=\"5\" name=\"type[]\" id=\"form-field-field-types\" class=\"selectpicker bs-select-hidden houzez-field-textual form-control elementor-size-sm\" data-none-results-text=\"Nema rezultata {0}\">\n                <option data-ref=\"kuca\"   value=\"kuca\">House<\/option><option data-ref=\"parking-garaza\"   value=\"parking-garaza\">Parking\/Garage<\/option><option data-ref=\"poslovni-prostori\"   value=\"poslovni-prostori\">Business Space<\/option><option data-ref=\"stan\"   value=\"stan\">Apartment<\/option><option data-ref=\"zemljiste\"   value=\"zemljiste\">Land<\/option>            <\/select>\n        <\/div>\n                            <\/div>\n                                <div class=\"elementor-field-group elementor-column form-group elementor-field-group-field-status elementor-col-20 elementor-sm-50\">\n                    <label for=\"form-field-field-status\" class=\"elementor-field-label elementor-screen-only\">Property Status<\/label>        <div class=\"elementor-field elementor-select-wrapper form-group\">\n            <select multiple=\"multiple\" title=\"Status\" data-selected-text-format=\"count &gt; 1\" data-select-all-text=\"Izaberi sve\" data-deselect-all-text=\"Deselect All\" data-actions-box=\"true\" data-count-selected-text=\"{0} status selected\" data-size=\"5\" name=\"status[]\" id=\"form-field-field-status\" class=\"selectpicker bs-select-hidden houzez-field-textual form-control elementor-size-sm status-js\" data-none-results-text=\"Nema rezultata {0}\">\n                <option data-ref=\"dobra-ponuda\"   value=\"dobra-ponuda\">Hot Offer<\/option><option data-ref=\"izdavanje\"   value=\"izdavanje\">For Rent<\/option><option data-ref=\"novi-oglas\"   value=\"novi-oglas\">Novi Oglas<\/option><option data-ref=\"novogradnja\"   value=\"novogradnja\">Newly Built<\/option><option data-ref=\"povoljno\"   value=\"povoljno\">Povoljno<\/option><option data-ref=\"prodaja\"   value=\"prodaja\">For Sale<\/option>            <\/select>\n        <\/div>\n                            <\/div>\n                                <div class=\"elementor-field-group elementor-column form-group elementor-field-group-field-beds elementor-col-20 elementor-sm-50\">\n                    <label for=\"form-field-field-beds\" class=\"elementor-field-label elementor-screen-only\">No. of Bedrooms<\/label>        <div class=\"elementor-field elementor-select-wrapper\">\n            <select data-size=\"5\" name=\"bedrooms\" id=\"form-field-field-beds\" class=\"selectpicker bs-select-hidden houzez-field-textual form-control elementor-size-sm\">\n                <option value=\"\">No. of Bedrooms<\/option><option value=\"0(Studio)\">0(Studio)<\/option><option value=\"1\">1<\/option><option value=\"2\">2<\/option><option value=\"3\">3<\/option><option value=\"4\">4<\/option><option value=\"5\">5<\/option><option value=\"6\">6<\/option><option value=\"7\">7<\/option><option value=\"8\">8<\/option><option value=\"9\">9<\/option><option value=\"10\">10<\/option><option value=\"any\">Any<\/option>            <\/select>\n        <\/div>\n                            <\/div>\n                                <div class=\"elementor-field-group elementor-column form-group elementor-field-group-field-baths elementor-col-20 elementor-sm-50\">\n                    <label for=\"form-field-field-baths\" class=\"elementor-field-label elementor-screen-only\">Bathrooms<\/label>        <div class=\"elementor-field elementor-select-wrapper\">\n            <select data-size=\"5\" name=\"bathrooms\" id=\"form-field-field-baths\" class=\"selectpicker bs-select-hidden houzez-field-textual form-control elementor-size-sm\">\n                <option value=\"\">Bathrooms<\/option><option value=\"1\">1<\/option><option value=\"2\">2<\/option><option value=\"3\">3<\/option><option value=\"4\">4<\/option><option value=\"5\">5<\/option><option value=\"6\">6<\/option><option value=\"7\">7<\/option><option value=\"8\">8<\/option><option value=\"9\">9<\/option><option value=\"10\">10<\/option><option value=\"any\">Any<\/option>            <\/select>\n        <\/div>\n                            <\/div>\n                                <div class=\"elementor-field-group elementor-column form-group elementor-field-group-field-min-price elementor-col-16 elementor-sm-50\">\n                    <label for=\"form-field-field-min-price\" class=\"elementor-field-label elementor-screen-only\">Min. Price<\/label>\n            <input name=\"min-price\" type=\"text\" id=\"form-field-field-min-price\" value=\"\" class=\"elementor-field form-control elementor-size-sm elementor-field-textual\" placeholder=\"Min. Price\">\n\n                            <\/div>\n                                <div class=\"elementor-field-group elementor-column form-group elementor-field-group-field-max-price elementor-col-16 elementor-sm-50\">\n                    <label for=\"form-field-field-max-price\" class=\"elementor-field-label elementor-screen-only\">Max. Price<\/label>\n            <input name=\"max-price\" type=\"text\" id=\"form-field-field-max-price\" value=\"\" class=\"elementor-field form-control elementor-size-sm elementor-field-textual\" placeholder=\"Max. Price\">\n\n                            <\/div>\n                                <div class=\"elementor-field-group elementor-column form-group elementor-field-group-field-min-area elementor-col-16 elementor-sm-50\">\n                    <label for=\"form-field-field-min-area\" class=\"elementor-field-label elementor-screen-only\">Min. Area<\/label><input type=\"number\" size=\"1\" name=\"min-area\" id=\"form-field-field-min-area\" value=\"\" class=\"elementor-field form-control elementor-size-sm elementor-field-textual\" placeholder=\"Min. Area\">                    <\/div>\n                                <div class=\"elementor-field-group elementor-column form-group elementor-field-group-field-max-area elementor-col-16 elementor-sm-50\">\n                    <label for=\"form-field-field-max-area\" class=\"elementor-field-label elementor-screen-only\">Max. Area<\/label><input type=\"number\" size=\"1\" name=\"max-area\" id=\"form-field-field-max-area\" value=\"\" class=\"elementor-field form-control elementor-size-sm elementor-field-textual\" placeholder=\"Max. Area\">                    <\/div>\n                                    <div class=\"elementor-field-group elementor-column elementor-field-type-submit elementor-col-33\">\n                                <button type=\"submit\" class=\"houzez-search-button btn-primary elementor-button elementor-size-sm\">\n                                                                            Search                                                                    <\/button>\n                            <\/div>\n                            \n                <\/div><!-- End main wrapper-->\n\n                            <\/div> <!-- End houzez-search-builder-wrapper -->\n        <input type=\"hidden\" name=\"trp-form-language\" value=\"en\"\/><\/form>\n\n        \t\t\t\t<\/div>\n\t\t\t\t<\/div>\n\t\t\t\t\t<\/div>\n\t\t\t\t<\/div>\n\t\t\t\t<\/div>","protected":false},"excerpt":{"rendered":"<p>Cities Izaberi GradBar &#8211; Bjeli\u0161i &#8211; \u010celuga &#8211; Centar &#8211; Dobre Vode &#8211; Ilino &#8211; Makedonsko naselje &#8211; Stari Bar &#8211; \u0160u\u0161anj &#8211; Sutomore &#8211; UtjehaBeraneBijelo PoljeBudvaCetinjeDanilovgradHerceg NoviKola\u0161inKotorNik\u0161i\u0107Plu\u017einePodgoricaTivatUlcinj\u017dabljak Vrsta Nekretnine Ku\u0107aParking\/Gara\u017eaPoslovni ProstorStanZemlji\u0161te Property Status Dobra ponudaIzdavanjeNovi OglasNovogradnjaPovoljnoProdaja Sobe Sobe0(Studio)12345678910Any Bathrooms Broj Kupatila12345678910Any Min. Cijena Max. Price Min. Povr\u0161ina Max. Area Pretraga<\/p>","protected":false},"author":1,"featured_media":0,"parent":0,"menu_order":0,"comment_status":"closed","ping_status":"closed","template":"template\/template-listing-list-v1-fullwidth.php","meta":{"om_disable_all_campaigns":false,"_monsterinsights_skip_tracking":false,"_monsterinsights_sitenote_active":false,"_monsterinsights_sitenote_note":"","_monsterinsights_sitenote_category":0,"footnotes":""},"class_list":["post-16421","page","type-page","status-publish","hentry"],"aioseo_notices":[],"jetpack_sharing_enabled":true,"_links":{"self":[{"href":"https:\/\/azzurmonte.com\/en\/wp-json\/wp\/v2\/pages\/16421","targetHints":{"allow":["GET"]}}],"collection":[{"href":"https:\/\/azzurmonte.com\/en\/wp-json\/wp\/v2\/pages"}],"about":[{"href":"https:\/\/azzurmonte.com\/en\/wp-json\/wp\/v2\/types\/page"}],"author":[{"embeddable":true,"href":"https:\/\/azzurmonte.com\/en\/wp-json\/wp\/v2\/users\/1"}],"replies":[{"embeddable":true,"href":"https:\/\/azzurmonte.com\/en\/wp-json\/wp\/v2\/comments?post=16421"}],"version-history":[{"count":20,"href":"https:\/\/azzurmonte.com\/en\/wp-json\/wp\/v2\/pages\/16421\/revisions"}],"predecessor-version":[{"id":19251,"href":"https:\/\/azzurmonte.com\/en\/wp-json\/wp\/v2\/pages\/16421\/revisions\/19251"}],"wp:attachment":[{"href":"https:\/\/azzurmonte.com\/en\/wp-json\/wp\/v2\/media?parent=16421"}],"curies":[{"name":"wp","href":"https:\/\/api.w.org\/{rel}","templated":true}]}}